{"id":23,"date":"2022-07-13T17:04:38","date_gmt":"2022-07-13T17:04:38","guid":{"rendered":"https:\/\/socio.org.uk\/ddp20232023\/?page_id=23"},"modified":"2023-08-03T15:59:27","modified_gmt":"2023-08-03T15:59:27","slug":"program-committee","status":"publish","type":"page","link":"https:\/\/socio.org.uk\/ddp2023\/program-committee\/","title":{"rendered":"Program Committee"},"content":{"rendered":"\r\n<p>This page will be updated shortly<\/p>\r\n\r\n\r\n\r\n<p><strong>General Chair<br \/><\/strong>Ezendu Ariwa, Chair UK&amp; RI IEEE TEMS, UK<\/p>\r\n\r\n\r\n\r\n<p><strong>Program Chairs<\/strong><\/p>\r\n\r\n\r\n\r\n<p>Ricardo Rodriguez-Jorge,\u00a0 Jan Evangelista Purkyn\u011b University,\u00a0 Czech Republic<br \/>Simon Fong, University of Macau, Macau<\/p>\r\n\r\n\r\n\r\n<p><strong>Program Co-Chairs<br \/><\/strong>Dion Goh, Nanyang Technological University, Singapore<br \/>Ramiro Smano Robles, Instituto Superior de Engenharia do Porto Rua, Portugal<\/p>\r\n\r\n\r\n\r\n<p><strong>Publicity Chair<br \/><\/strong>Hathairat Ketmaneechairat, King Mongkut&#8217;s University of Technology, North Bangkok, Thailand<\/p>\r\n<p><strong>International Programme Committee (pending)<br \/><\/strong> Ali Alao, University of East London, UK<br \/>Alton Chua Yeow Kuan, Nanyang Technological University, Singapore <br \/>R. Suchithra, Jain University, India<br \/>Gloria Tengyue Li, North China University of Technology, China<br \/>M.Krishnamurty, Indian Statistical Institute, India<br \/>Narek Abroyan, National Polytechnic University of Armenia, Armenia<br \/>Maytham Safar, Kuwait University, Kuwait<br \/>Sabah Mohammed, Lakehead University, Canada<br \/>S. Sreenivasa, Tumkur University. India<br \/>Asha Ambhaikar, Kalinga University, India<br \/>\r\nDimitrios Karras,National and Kapodistrian University of Athens,Greece<br \/>\r\nPatr\u00edcia Dias Ara\u00fajo, Universidade S\u00e3o Judas Tadeu, Brazil<br \/>\r\nCathryn Peoples, Ulster University, United Kingdom<br \/>\r\nMatus Pleva, Technical University of Kosice, Slovakia<br \/>\r\nLuis Alvarez Sabucedo, University of Vigo, Spain<br \/>\r\n\r\n\r\n\r\n<\/p>\r\n<p><\/p>","protected":false},"excerpt":{"rendered":"<p>This page will be updated shortly General ChairEzendu Ariwa, Chair UK&amp; RI IEEE TEMS, UK Program Chairs Ricardo Rodriguez-Jorge,\u00a0 Jan Evangelista Purkyn\u011b University,\u00a0 Czech RepublicSimon&hellip;<\/p>\n","protected":false},"author":1,"featured_media":0,"parent":0,"menu_order":0,"comment_status":"closed","ping_status":"closed","template":"","meta":{"footnotes":""},"class_list":["post-23","page","type-page","status-publish","hentry"],"_links":{"self":[{"href":"https:\/\/socio.org.uk\/ddp2023\/wp-json\/wp\/v2\/pages\/23","targetHints":{"allow":["GET"]}}],"collection":[{"href":"https:\/\/socio.org.uk\/ddp2023\/wp-json\/wp\/v2\/pages"}],"about":[{"href":"https:\/\/socio.org.uk\/ddp2023\/wp-json\/wp\/v2\/types\/page"}],"author":[{"embeddable":true,"href":"https:\/\/socio.org.uk\/ddp2023\/wp-json\/wp\/v2\/users\/1"}],"replies":[{"embeddable":true,"href":"https:\/\/socio.org.uk\/ddp2023\/wp-json\/wp\/v2\/comments?post=23"}],"version-history":[{"count":20,"href":"https:\/\/socio.org.uk\/ddp2023\/wp-json\/wp\/v2\/pages\/23\/revisions"}],"predecessor-version":[{"id":186,"href":"https:\/\/socio.org.uk\/ddp2023\/wp-json\/wp\/v2\/pages\/23\/revisions\/186"}],"wp:attachment":[{"href":"https:\/\/socio.org.uk\/ddp2023\/wp-json\/wp\/v2\/media?parent=23"}],"curies":[{"name":"wp","href":"https:\/\/api.w.org\/{rel}","templated":true}]}}