{"id":140,"date":"2023-10-31T15:23:02","date_gmt":"2023-10-31T15:23:02","guid":{"rendered":"http:\/\/socio.org.uk\/stm\/?page_id=140"},"modified":"2025-01-16T13:48:50","modified_gmt":"2025-01-16T13:48:50","slug":"venue","status":"publish","type":"page","link":"http:\/\/socio.org.uk\/stm2024\/venue\/","title":{"rendered":"Venue"},"content":{"rendered":"<p>The conference will be held at the Conference Hall of the<br \/>\n<strong>Tien Giang University (New Campus)<\/strong><br \/>\nMy Tho, Ho Chi Min<br \/>\nVietnam<\/p>\n<p>The new campus is located 10 km away from the City Center. The location is<br \/>\nNh\u00e1nh cao t\u1ed1c, s\u1ed1 1 \u1ea5p Th\u00e2n B\u00ecnh, Th\u00e2n C\u1eedu Ngh\u0129a, Ch\u00e2u Th\u00e0nh, Ti\u1ec1n Giang, Vietnam<\/p>\n<p><a href=\"https:\/\/maps.app.goo.gl\/Qzc5wWWUyy91y8Xh8\">https:\/\/maps.app.goo.gl\/Qzc5wWWUyy91y8Xh8<\/a><\/p>\n","protected":false},"excerpt":{"rendered":"<p>The conference will be held at the Conference Hall of the Tien Giang University (New Campus) My Tho, Ho Chi &hellip; <\/p>\n","protected":false},"author":1,"featured_media":0,"parent":0,"menu_order":0,"comment_status":"closed","ping_status":"closed","template":"","meta":{"footnotes":""},"class_list":["post-140","page","type-page","status-publish","hentry"],"_links":{"self":[{"href":"http:\/\/socio.org.uk\/stm2024\/wp-json\/wp\/v2\/pages\/140","targetHints":{"allow":["GET"]}}],"collection":[{"href":"http:\/\/socio.org.uk\/stm2024\/wp-json\/wp\/v2\/pages"}],"about":[{"href":"http:\/\/socio.org.uk\/stm2024\/wp-json\/wp\/v2\/types\/page"}],"author":[{"embeddable":true,"href":"http:\/\/socio.org.uk\/stm2024\/wp-json\/wp\/v2\/users\/1"}],"replies":[{"embeddable":true,"href":"http:\/\/socio.org.uk\/stm2024\/wp-json\/wp\/v2\/comments?post=140"}],"version-history":[{"count":8,"href":"http:\/\/socio.org.uk\/stm2024\/wp-json\/wp\/v2\/pages\/140\/revisions"}],"predecessor-version":[{"id":624,"href":"http:\/\/socio.org.uk\/stm2024\/wp-json\/wp\/v2\/pages\/140\/revisions\/624"}],"wp:attachment":[{"href":"http:\/\/socio.org.uk\/stm2024\/wp-json\/wp\/v2\/media?parent=140"}],"curies":[{"name":"wp","href":"https:\/\/api.w.org\/{rel}","templated":true}]}}